{"id":45,"date":"2018-07-08T08:13:04","date_gmt":"2018-07-08T06:13:04","guid":{"rendered":"http:\/\/futuria.frag-firat.de\/?page_id=45"},"modified":"2020-10-29T16:27:13","modified_gmt":"2020-10-29T15:27:13","slug":"workshops","status":"publish","type":"page","link":"https:\/\/futuria.berlin\/en\/leistungen\/workshops","title":{"rendered":"Workshops"},"content":{"rendered":"<p>We develop profound future analyses in order to systematically prepare for the uncertainties of an open future. The design of the workshop &#8211; e.g. strategy formation, vision building or training &#8211; adjusts to your needs.<\/p>\n<p><strong>Teacher training for the project &#8220;Youth Makes History&#8221; (&#8220;Jugend Macht Geschichte&#8221;) in Bonn<\/strong><\/p>\n<p>During the training teachers learned how to employ the scenario technique in regular school lessons or project days, in order to facilitate longterm thinking among pupils. This training is part of a larger project organized by the Christliches Jugenddorfwerk Deutschland which i conduct together with Dr. Paul Kuder and the newly trained teachers in throughout Germany on migration and integration. The&nbsp;<a class=\"cm_anchor\" href=\"http:\/\/futuria-berlin.de\/.cm4all\/iproc.php\/Leistungen\/Schulungsprogramm%20Jugend%20Macht%20Geschichte%2008062017.pdf?cdp=a\" target=\"_self\" rel=\"noopener noreferrer\">training programme<\/a>&nbsp;(in German)&#8230;<\/p>\n<p><strong>Disseminator training &#8220;Juniorteam Europa&#8221; in Weimar<\/strong><\/p>\n<p>For the Hesse and Thuringian Centre for Political Education I trained young disseminators of the Center of Applied Political Research in the scenario technique. f\u00fcr Politische Bildung Th\u00fcringen sowie Hessen f\u00fchrte ich eine Schulung durch, damit die Teamer des Centrums f\u00fcr angewandte Politikforschung sp\u00e4ter eigenst\u00e4ndig die Szenario-Technik an Schulen in Th\u00fcringen und Hessen einsetzen k\u00f6nnen.<\/p>\n","protected":false},"excerpt":{"rendered":"<p>We develop profound future analyses in order to systematically prepare for the uncertainties of an open future. The design of the workshop &#8211; e.g. strategy formation, vision building or training &#8211; adjusts to your needs. Teacher training for the project &#8220;Youth Makes History&#8221; (&#8220;Jugend Macht Geschichte&#8221;) in Bonn During the &hellip;<\/p>\n","protected":false},"author":2,"featured_media":0,"parent":32,"menu_order":10,"comment_status":"closed","ping_status":"closed","template":"","meta":{"footnotes":""},"class_list":["post-45","page","type-page","status-publish","hentry"],"_links":{"self":[{"href":"https:\/\/futuria.berlin\/en\/wp-json\/wp\/v2\/pages\/45","targetHints":{"allow":["GET"]}}],"collection":[{"href":"https:\/\/futuria.berlin\/en\/wp-json\/wp\/v2\/pages"}],"about":[{"href":"https:\/\/futuria.berlin\/en\/wp-json\/wp\/v2\/types\/page"}],"author":[{"embeddable":true,"href":"https:\/\/futuria.berlin\/en\/wp-json\/wp\/v2\/users\/2"}],"replies":[{"embeddable":true,"href":"https:\/\/futuria.berlin\/en\/wp-json\/wp\/v2\/comments?post=45"}],"version-history":[{"count":83,"href":"https:\/\/futuria.berlin\/en\/wp-json\/wp\/v2\/pages\/45\/revisions"}],"predecessor-version":[{"id":949,"href":"https:\/\/futuria.berlin\/en\/wp-json\/wp\/v2\/pages\/45\/revisions\/949"}],"up":[{"embeddable":true,"href":"https:\/\/futuria.berlin\/en\/wp-json\/wp\/v2\/pages\/32"}],"wp:attachment":[{"href":"https:\/\/futuria.berlin\/en\/wp-json\/wp\/v2\/media?parent=45"}],"curies":[{"name":"wp","href":"https:\/\/api.w.org\/{rel}","templated":true}]}}