{"id":78,"date":"2018-07-08T08:33:55","date_gmt":"2018-07-08T06:33:55","guid":{"rendered":"http:\/\/futuria.frag-firat.de\/?page_id=78"},"modified":"2018-08-30T17:55:44","modified_gmt":"2018-08-30T15:55:44","slug":"zukunft-der-arbeit","status":"publish","type":"page","link":"https:\/\/futuria.berlin\/en\/themen\/zukunft-der-arbeit","title":{"rendered":"The future of labour"},"content":{"rendered":"<p><a href=\"http:\/\/futuria-berlin.de\/wp-content\/uploads\/2018\/07\/Arbeit-40.jpg\"><img loading=\"lazy\" decoding=\"async\" class=\"size-medium wp-image-310 alignright\" src=\"http:\/\/futuria-berlin.de\/wp-content\/uploads\/2018\/07\/Arbeit-40-300x176.jpg\" alt=\"\" width=\"300\" height=\"176\" srcset=\"https:\/\/futuria.berlin\/wp-content\/uploads\/2018\/07\/Arbeit-40-300x176.jpg 300w, https:\/\/futuria.berlin\/wp-content\/uploads\/2018\/07\/Arbeit-40-768x450.jpg 768w, https:\/\/futuria.berlin\/wp-content\/uploads\/2018\/07\/Arbeit-40-1024x600.jpg 1024w, https:\/\/futuria.berlin\/wp-content\/uploads\/2018\/07\/Arbeit-40-449x263.jpg 449w, https:\/\/futuria.berlin\/wp-content\/uploads\/2018\/07\/Arbeit-40-512x300.jpg 512w\" sizes=\"auto, (max-width: 300px) 100vw, 300px\" \/><\/a>The dream of technologies easing our work has partly come true due to digitalisation. With reference to \u201eLabour 4.0\u201c an approaching revolution of our working environment is being controversely discussed.<\/p>\n<p>At the same time, many people appear to be unsettled by new challenges such as permanent excessive demand or social insecurity. In short: Which risks and opportunities pose an ever rapidly transforming working environment?<\/p>\n<p><strong>Events (selection)<\/strong><\/p>\n<ul>\n<li>Scenario workshop series: \u201eZukunft in Arbeit\u201c (planned)<\/li>\n<li>Scenario workshop: \u201e<a class=\"cm_anchor\" href=\"http:\/\/strato-editor.com\/.cm4all\/iproc.php\/Szenarioworkshop%20Risiko%20und%20Vorsorge%20CosmosDirekt%20Programm.pdf?cdp=a\" target=\"_self\">Risiko und Vorsorge\u201c<\/a>, CosmosDirekt: Berlin<\/li>\n<li>Scenario workshop: \u201e<a class=\"cm_anchor\" href=\"http:\/\/futuria-berlin.de\/.cm4all\/iproc.php\/Dokumentation_EU_Arbeitsmarkt.pdf?cdp=a\" target=\"_self\">Europ\u00e4ischer Arbeitsmarkt \u2013 offen oder gesch\u00fctzt?\u201c<\/a>, German-Polish Community: Weimar<\/li>\n<li>Scenario workshop: \u201e<a class=\"cm_anchor\" href=\"http:\/\/strato-editor.com\/.cm4all\/iproc.php\/BMF-Workshop-14-08-2007.pdf?cdp=a\" target=\"_self\">Jugend ist Zukunft. Finanzpolitische Visionen junger Menschen<\/a>\u201c, Federal Ministry of Finances: Berlin<\/li>\n<li>Scenario workshop: \u201e<a class=\"cm_anchor\" href=\"http:\/\/futuria-berlin.de\/.cm4all\/iproc.php\/Themen\/Europ%C3%A4ische%20Identit%C3%A4t%20in%20Arbeit.pdf?cdp=a\" target=\"_self\">Europ\u00e4ische Identit\u00e4t in Arbeit. Zukunftsperspektiven f\u00fcr das Selbstverst\u00e4ndnis und die Arbeitswelt in Europa<\/a>\u201c, Center for Applied Political Research: Sulik\u00f3w\/Polen<\/li>\n<\/ul>\n","protected":false},"excerpt":{"rendered":"<p>The dream of technologies easing our work has partly come true due to digitalisation. With reference to \u201eLabour 4.0\u201c an approaching revolution of our working environment is being controversely discussed. At the same time, many people appear to be unsettled by new challenges such as permanent excessive demand or social &hellip;<\/p>\n","protected":false},"author":1,"featured_media":0,"parent":63,"menu_order":50,"comment_status":"closed","ping_status":"closed","template":"","meta":{"footnotes":""},"class_list":["post-78","page","type-page","status-publish","hentry"],"_links":{"self":[{"href":"https:\/\/futuria.berlin\/en\/wp-json\/wp\/v2\/pages\/78","targetHints":{"allow":["GET"]}}],"collection":[{"href":"https:\/\/futuria.berlin\/en\/wp-json\/wp\/v2\/pages"}],"about":[{"href":"https:\/\/futuria.berlin\/en\/wp-json\/wp\/v2\/types\/page"}],"author":[{"embeddable":true,"href":"https:\/\/futuria.berlin\/en\/wp-json\/wp\/v2\/users\/1"}],"replies":[{"embeddable":true,"href":"https:\/\/futuria.berlin\/en\/wp-json\/wp\/v2\/comments?post=78"}],"version-history":[{"count":10,"href":"https:\/\/futuria.berlin\/en\/wp-json\/wp\/v2\/pages\/78\/revisions"}],"predecessor-version":[{"id":632,"href":"https:\/\/futuria.berlin\/en\/wp-json\/wp\/v2\/pages\/78\/revisions\/632"}],"up":[{"embeddable":true,"href":"https:\/\/futuria.berlin\/en\/wp-json\/wp\/v2\/pages\/63"}],"wp:attachment":[{"href":"https:\/\/futuria.berlin\/en\/wp-json\/wp\/v2\/media?parent=78"}],"curies":[{"name":"wp","href":"https:\/\/api.w.org\/{rel}","templated":true}]}}